{"id":278,"date":"2022-03-17T13:38:57","date_gmt":"2022-03-17T13:38:57","guid":{"rendered":"https:\/\/gradinitacajvana.ro\/?page_id=278"},"modified":"2022-03-17T13:57:05","modified_gmt":"2022-03-17T13:57:05","slug":"278-2","status":"publish","type":"page","link":"https:\/\/gradinitacajvana.ro\/?page_id=278","title":{"rendered":"istoric"},"content":{"rendered":"\t\t<div data-elementor-type=\"wp-page\" data-elementor-id=\"278\" class=\"elementor elementor-278\">\n\t\t\t\t\t\t\t\t\t<section class=\"elementor-section elementor-top-section elementor-element elementor-element-6f6e4d64 elementor-section-full_width elementor-section-height-min-height elementor-section-items-stretch elementor-section-content-middle elementor-section-height-default\" data-id=\"6f6e4d64\" data-element_type=\"section\">\n\t\t\t\t\t\t<div class=\"elementor-container elementor-column-gap-no\">\n\t\t\t\t\t<div class=\"elementor-column elementor-col-50 elementor-top-column elementor-element elementor-element-7711ebd7\" data-id=\"7711ebd7\" data-element_type=\"column\">\n\t\t\t<div class=\"elementor-widget-wrap elementor-element-populated\">\n\t\t\t\t\t\t\t\t<div class=\"elementor-element elementor-element-9a42a4d elementor-invisible elementor-widget elementor-widget-heading\" data-id=\"9a42a4d\" data-element_type=\"widget\" data-settings=\"{&quot;_animation&quot;:&quot;fadeIn&quot;,&quot;_animation_delay&quot;:200}\" data-widget_type=\"heading.default\">\n\t\t\t\t<div class=\"elementor-widget-container\">\n\t\t\t<style>\/*! elementor - v3.6.1 - 23-03-2022 *\/\n.elementor-heading-title{padding:0;margin:0;line-height:1}.elementor-widget-heading .elementor-heading-title[class*=elementor-size-]>a{color:inherit;font-size:inherit;line-height:inherit}.elementor-widget-heading .elementor-heading-title.elementor-size-small{font-size:15px}.elementor-widget-heading .elementor-heading-title.elementor-size-medium{font-size:19px}.elementor-widget-heading .elementor-heading-title.elementor-size-large{font-size:29px}.elementor-widget-heading .elementor-heading-title.elementor-size-xl{font-size:39px}.elementor-widget-heading .elementor-heading-title.elementor-size-xxl{font-size:59px}<\/style><h1 class=\"elementor-heading-title elementor-size-default\">O scurta istorie a Gr\u0103dini\u021bei Stej\u0102relul Cajvana<\/h1>\t\t<\/div>\n\t\t\t\t<\/div>\n\t\t\t\t<div class=\"elementor-element elementor-element-1d0fdefa elementor-widget elementor-widget-text-editor\" data-id=\"1d0fdefa\" data-element_type=\"widget\" data-widget_type=\"text-editor.default\">\n\t\t\t\t<div class=\"elementor-widget-container\">\n\t\t\t<style>\/*! elementor - v3.6.1 - 23-03-2022 *\/\n.elementor-widget-text-editor.elementor-drop-cap-view-stacked .elementor-drop-cap{background-color:#818a91;color:#fff}.elementor-widget-text-editor.elementor-drop-cap-view-framed .elementor-drop-cap{color:#818a91;border:3px solid;background-color:transparent}.elementor-widget-text-editor:not(.elementor-drop-cap-view-default) .elementor-drop-cap{margin-top:8px}.elementor-widget-text-editor:not(.elementor-drop-cap-view-default) .elementor-drop-cap-letter{width:1em;height:1em}.elementor-widget-text-editor .elementor-drop-cap{float:left;text-align:center;line-height:1;font-size:50px}.elementor-widget-text-editor .elementor-drop-cap-letter{display:inline-block}<\/style>\t\t\t\t<p class=\"MsoNormal\" style=\"margin-bottom: .0001pt; text-align: justify; text-indent: .5in; line-height: 150%;\"><span lang=\"RO\" style=\"font-size: 12.0pt; line-height: 150%; font-family: 'Times New Roman',serif; mso-fareast-font-family: Calibri;\">Atestat documentar la 3 iulie 1575, satul Cajvana este un sat cu oameni harnici \u0219i \u00een\u021belep\u021bi care \u0219tiu s\u0103-\u0219i rostuiasc\u0103 viitorul cum l-au dorit str\u0103mo\u0219ii: liber, demn, str\u0103lucit.<\/span><\/p>\t\t\t\t\t\t<\/div>\n\t\t\t\t<\/div>\n\t\t\t\t<div class=\"elementor-element elementor-element-58c2d086 elementor-align-left elementor-mobile-align-center elementor-invisible elementor-widget elementor-widget-button\" data-id=\"58c2d086\" data-element_type=\"widget\" data-settings=\"{&quot;_animation&quot;:&quot;fadeIn&quot;,&quot;_animation_delay&quot;:600}\" data-widget_type=\"button.default\">\n\t\t\t\t<div class=\"elementor-widget-container\">\n\t\t\t\t\t<div class=\"elementor-button-wrapper\">\n\t\t\t<a href=\"#\" class=\"elementor-button-link elementor-button elementor-size-sm elementor-animation-sink\" role=\"button\">\n\t\t\t\t\t\t<span class=\"elementor-button-content-wrapper\">\n\t\t\t\t\t\t<span class=\"elementor-button-text\">STAJARUL DIN CAJVANA -><\/span>\n\t\t<\/span>\n\t\t\t\t\t<\/a>\n\t\t<\/div>\n\t\t\t\t<\/div>\n\t\t\t\t<\/div>\n\t\t\t\t\t<\/div>\n\t\t<\/div>\n\t\t\t\t<div class=\"elementor-column elementor-col-50 elementor-top-column elementor-element elementor-element-c25630a\" data-id=\"c25630a\" data-element_type=\"column\" data-settings=\"{&quot;background_background&quot;:&quot;classic&quot;}\">\n\t\t\t<div class=\"elementor-widget-wrap elementor-element-populated\">\n\t\t\t\t\t<div class=\"elementor-background-overlay\"><\/div>\n\t\t\t\t\t\t\t\t<div class=\"elementor-element elementor-element-78b59e2a elementor-widget__width-auto elementor-widget elementor-widget-image\" data-id=\"78b59e2a\" data-element_type=\"widget\" data-widget_type=\"image.default\">\n\t\t\t\t<div class=\"elementor-widget-container\">\n\t\t\t<style>\/*! elementor - v3.6.1 - 23-03-2022 *\/\n.elementor-widget-image{text-align:center}.elementor-widget-image a{display:inline-block}.elementor-widget-image a img[src$=\".svg\"]{width:48px}.elementor-widget-image img{vertical-align:middle;display:inline-block}<\/style>\t\t\t\t\t\t\t\t\t\t\t\t<img loading=\"lazy\" decoding=\"async\" width=\"477\" height=\"640\" src=\"https:\/\/gradinitacajvana.ro\/wp-content\/uploads\/2022\/03\/142507.jpg\" class=\"attachment-large size-large\" alt=\"\" srcset=\"https:\/\/gradinitacajvana.ro\/wp-content\/uploads\/2022\/03\/142507.jpg 477w, https:\/\/gradinitacajvana.ro\/wp-content\/uploads\/2022\/03\/142507-224x300.jpg 224w\" sizes=\"auto, (max-width: 477px) 100vw, 477px\" \/>\t\t\t\t\t\t\t\t\t\t\t\t\t\t\t<\/div>\n\t\t\t\t<\/div>\n\t\t\t\t\t<\/div>\n\t\t<\/div>\n\t\t\t\t\t\t\t<\/div>\n\t\t<\/section>\n\t\t\t\t<section class=\"elementor-section elementor-top-section elementor-element elementor-element-aa390a9 elementor-section-boxed elementor-section-height-default elementor-section-height-default\" data-id=\"aa390a9\" data-element_type=\"section\">\n\t\t\t\t\t\t<div class=\"elementor-container elementor-column-gap-default\">\n\t\t\t\t\t<div class=\"elementor-column elementor-col-100 elementor-top-column elementor-element elementor-element-5790aea\" data-id=\"5790aea\" data-element_type=\"column\">\n\t\t\t<div class=\"elementor-widget-wrap elementor-element-populated\">\n\t\t\t\t\t\t\t\t<div class=\"elementor-element elementor-element-8e6f1ad elementor-widget elementor-widget-text-editor\" data-id=\"8e6f1ad\" data-element_type=\"widget\" data-widget_type=\"text-editor.default\">\n\t\t\t\t<div class=\"elementor-widget-container\">\n\t\t\t\t\t\t\t<p class=\"MsoNormal\" style=\"margin-bottom: .0001pt; text-align: justify; text-indent: .5in; line-height: 150%;\"><span lang=\"RO\" style=\"font-size: 12.0pt; line-height: 150%; font-family: 'Times New Roman',serif; mso-fareast-font-family: Calibri;\">De\u0219i au mai fost c\u00e2teva \u00eencerc\u0103ri de a lumina min\u021bile copiilor, \u0219coala \u00eencepe\u00a0 destul de t\u00e2rziu \u00een Cajvana fa\u021b\u0103 de alte localit\u0103\u021bi. Cronica parohial\u0103 consemn\u00e2nd : \u201eLa 1 noiembrie 1899 \u00eencepe \u00eenv\u0103\u021b\u0103m\u00e2ntul sub conducerea \u00eenv\u0103\u021b\u0103torului Mihai Bumbu\u201d. Construirea C\u0103minului Cultural, care s-a dat \u00een folosin\u021b\u0103 \u00een 1951 a f\u0103cut posibil\u0103 alocarea unui spa\u021biu pentru \u00eenfiin\u021barea unei grupe de gr\u0103dini\u021b\u0103. An de an, num\u0103rul de grupe din \u00eenv\u0103\u021b\u0103m\u00e2ntul pre\u0219colar a crescut astfel<\/span><span style=\"font-size: 12.0pt; line-height: 150%; font-family: 'Times New Roman',serif; mso-fareast-font-family: Calibri; mso-ansi-language: EN-US;\">:<\/span><\/p>\n<p class=\"MsoNormal\" style=\"margin-bottom: .0001pt; text-align: justify; text-indent: .5in; line-height: 150%;\"><span lang=\"RO\" style=\"font-size: 12.0pt; line-height: 150%; font-family: 'Times New Roman',serif; mso-fareast-font-family: Calibri;\">1960- se \u00eenfiin\u021beaz\u0103 o grup\u0103 de pre\u0219colari care \u00eenva\u021b\u0103 \u00een incinta \u0219colii nr.2 ,,Ivan\u201d<\/span><\/p>\n<p class=\"MsoNormal\" style=\"margin-bottom: .0001pt; text-align: justify; text-indent: .5in; line-height: 150%;\"><span lang=\"RO\" style=\"font-size: 12.0pt; line-height: 150%; font-family: 'Times New Roman',serif; mso-fareast-font-family: Calibri;\">1965- se \u00eenfiin\u021beaz\u0103 a treia grup\u0103 de pre\u0219colari care \u00eenva\u021b\u0103 \u00een localul \u0218colii de Centru ( actualul corp A al Liceului Tehnologic Cajvana)<\/span><\/p>\n<p class=\"MsoNormal\" style=\"margin-bottom: .0001pt; text-align: justify; text-indent: .5in; line-height: 150%;\"><span lang=\"RO\" style=\"font-size: 12.0pt; line-height: 150%; font-family: 'Times New Roman',serif; mso-fareast-font-family: Calibri;\">\u00cen urm\u0103torii ani, num\u0103rul copiilor pre\u0219colari fiind \u00een cre\u0219tere s-au \u00eenfiin\u021bat grupe \u00een casele oamenilor.<\/span><\/p>\n<p class=\"MsoNormal\" style=\"margin-bottom: .0001pt; text-align: justify; text-indent: .5in; line-height: 150%;\"><span lang=\"RO\" style=\"font-size: 12.0pt; line-height: 150%; font-family: 'Times New Roman',serif; mso-fareast-font-family: Calibri;\">1970-Gr\u0103dini\u021ba Ili\u021boi George- 1 grup\u0103 de pre\u0219colari<\/span><\/p>\n<p class=\"MsoNormal\" style=\"margin-bottom: .0001pt; text-align: justify; text-indent: .5in; line-height: 150%;\"><span lang=\"RO\" style=\"font-size: 12.0pt; line-height: 150%; font-family: 'Times New Roman',serif; mso-fareast-font-family: Calibri;\">\u00a0\u00a0\u00a0\u00a0\u00a0\u00a0\u00a0 &#8211; Gr\u0103dini\u021ba Popovici Vasile- 1 grup\u0103 de pre\u0219colari<\/span><\/p>\n<p class=\"MsoNormal\" style=\"margin-bottom: .0001pt; text-align: justify; text-indent: .5in; line-height: 150%;\"><span lang=\"RO\" style=\"font-size: 12.0pt; line-height: 150%; font-family: 'Times New Roman',serif; mso-fareast-font-family: Calibri;\">1971- se d\u0103 \u00een folosin\u021b\u0103 o sal\u0103 de gr\u0103dini\u021b\u0103 \u00een incinta \u0219colii ,,R\u0103cari\u201d (actualul corp C al Liceului Tehnologic Cajvana)<\/span><\/p>\n<p class=\"MsoNormal\" style=\"margin-bottom: .0001pt; text-align: justify; text-indent: .5in; line-height: 150%;\"><span lang=\"RO\" style=\"font-size: 12.0pt; line-height: 150%; font-family: 'Times New Roman',serif; mso-fareast-font-family: Calibri;\">1976-1978- Gr\u0103dini\u021ba Radu Gheorghe-1 grup\u0103<\/span><\/p>\n<p class=\"MsoNormal\" style=\"margin-bottom: .0001pt; text-align: justify; text-indent: .5in; line-height: 150%;\"><span lang=\"RO\" style=\"font-size: 12.0pt; line-height: 150%; font-family: 'Times New Roman',serif; mso-fareast-font-family: Calibri;\">\u00a0\u00a0\u00a0 \u00a0\u00a0\u00a0\u00a0\u00a0\u00a0\u00a0\u00a0\u00a0\u00a0\u00a0\u00a0\u00a0\u00a0-Gr\u0103dini\u021ba Gur\u0103u T\u0103nase- 1 grup\u0103<\/span><\/p>\n<p class=\"MsoNormal\" style=\"margin-bottom: .0001pt; text-align: justify; text-indent: .5in; line-height: 150%;\"><span lang=\"RO\" style=\"font-size: 12.0pt; line-height: 150%; font-family: 'Times New Roman',serif; mso-fareast-font-family: Calibri;\">\u00a0\u00a0\u00a0\u00a0\u00a0\u00a0\u00a0\u00a0\u00a0\u00a0\u00a0\u00a0\u00a0\u00a0\u00a0\u00a0\u00a0 -Gr\u0103dini\u021ba Gur\u0103u Ion-1 grup\u0103<\/span><\/p>\n<p class=\"MsoNormal\" style=\"margin-bottom: .0001pt; text-align: justify; text-indent: .5in; line-height: 150%;\"><span lang=\"RO\" style=\"font-size: 12.0pt; line-height: 150%; font-family: 'Times New Roman',serif; mso-fareast-font-family: Calibri;\">\u00a0\u00a0\u00a0\u00a0\u00a0\u00a0\u00a0\u00a0\u00a0\u00a0\u00a0\u00a0\u00a0\u00a0\u00a0\u00a0\u00a0 &#8211; Gr\u0103dini\u021ba Boca Costan- 1 grup\u0103<\/span><\/p>\n<p class=\"MsoNormal\" style=\"margin-bottom: .0001pt; text-align: justify; text-indent: .5in; line-height: 150%;\"><span lang=\"RO\" style=\"font-size: 12.0pt; line-height: 150%; font-family: 'Times New Roman',serif; mso-fareast-font-family: Calibri;\">1997- se d\u0103 \u00een folosin\u021b\u0103 al doilea local de gr\u0103dini\u021b\u0103 ,, C\u0103su\u021ba Piticilor\u201d<\/span><span style=\"font-size: 12.0pt; line-height: 150%; font-family: 'Times New Roman',serif; mso-fareast-font-family: Calibri; mso-ansi-language: EN-US;\"> cu dou\u0103 s\u0103li de grup\u0103 \u0219i o clas\u0103 pentru \u00eenv\u0103\u021b\u0103m\u00e2ntul primar.Dinamica grupelor de pre\u0219colari arat\u0103 astfel: <\/span><span lang=\"RO\" style=\"font-size: 12.0pt; line-height: 150%; font-family: 'Times New Roman',serif; mso-fareast-font-family: Calibri;\">\u00a0\u00een anul 1980 erau 6 grupe, \u00een 1990 \u2013 10 grupe, \u00een anul 2000 \u2013 18 grupe, \u00a0\u00een anul 2001 \u2013 24 de grupe, \u00a0\u00een anul 2013- 16 grupe, \u00een 2018 \u2013 19 grupe, \u00een anul 2021 \u2013 23 grupe.\u00a0 Ast\u0103zi func\u021bioneaz\u0103 24 grupe de pre\u0219colari cu un efectiv de 500 pre\u0219colari<\/span><\/p>\n<p class=\"MsoNormal\" style=\"margin-bottom: .0001pt; text-align: justify; text-indent: .5in; line-height: 150%;\"><span lang=\"RO\" style=\"font-size: 12.0pt; line-height: 150%; font-family: 'Times New Roman',serif; mso-fareast-font-family: Calibri;\">\u00cen ianuarie 2006\u00a0 gr\u0103dini\u021ba prime\u0219te numele de Gr\u0103dini\u021ba cu Program Normal Nr.1 Cajvana \u0219i func\u021bioneaz\u0103 ca unitate cu personalitate juridic\u0103. \u00a0Din\u00a0 anul 2018 gr\u0103dini\u021ba prime\u0219te numele Gr\u0103dini\u021ba cu Program Normal ,,Stej\u0103relul\u201d , nume dat dup\u0103 stejarul multisecular din centrul ora\u0219ului, cel mai b\u0103tr\u00e2n arbore din Rom\u00e2nia, arbore sub umbra c\u0103ruia s-a odihnit \u0218tefan cel Mare, domnul Moldovei.<\/span><\/p>\n<p class=\"MsoNormal\" style=\"margin-bottom: .0001pt; text-align: justify; text-indent: .5in; line-height: 150%;\"><span lang=\"RO\" style=\"font-size: 12.0pt; line-height: 150%; font-family: 'Times New Roman',serif; mso-fareast-font-family: Calibri;\">\u00cen anul \u0219colar 2020\/2021 s-a dat \u00een folosin\u021b\u0103 Corpul C al gr\u0103dini\u021bei cu patru s\u0103li de grup\u0103, local construit prin PNDL iar \u00een anul \u0219colar 2021\/2022 se vor finaliza lucr\u0103rile la Corpul D care cuprinde 4 s\u0103li de grup\u0103 construit din fonduri europene prin POR, Axa 10.<\/span><\/p>\n<p>\u00a0<\/p>\n<p class=\"MsoNormal\" style=\"margin-bottom: .0001pt; text-align: justify; text-indent: .5in; line-height: 150%;\"><span lang=\"RO\" style=\"font-size: 12.0pt; line-height: 150%; font-family: 'Times New Roman',serif; mso-fareast-font-family: Calibri;\">Ast\u0103zi, Gr\u0103dini\u021ba cu Program Normal ,,Stej\u0103relul\u201d Cajvana beneficiaz\u0103 de 9 loca\u021bii: 3 spa\u021bii proprii, 2 spa\u021bii amplasate \u00een \u0219coli \u0219i 4 spa\u021bii \u00eenchiriate de la cet\u0103\u021beni, unde \u00ee\u0219i desf\u0103\u0219oar\u0103 activitatea 24 educatoare, care \u00ee\u0219i pun talentul, cuno\u0219tin\u021bele \u0219i dragostea \u00een munca de instruire \u0219i formare a 500\u00a0 \u00a0pre\u0219colari, num\u0103rul acestora cresc\u00e2nd an de an.\u00a0<\/span><\/p>\t\t\t\t\t\t<\/div>\n\t\t\t\t<\/div>\n\t\t\t\t\t<\/div>\n\t\t<\/div>\n\t\t\t\t\t\t\t<\/div>\n\t\t<\/section>\n\t\t\t\t\t\t\t<\/div>\n\t\t","protected":false},"excerpt":{"rendered":"<p>O scurta istorie a Gr\u0103dini\u021bei Stej\u0102relul Cajvana Atestat documentar la 3 iulie 1575, satul Cajvana este un sat cu oameni harnici \u0219i \u00een\u021belep\u021bi care \u0219tiu s\u0103-\u0219i rostuiasc\u0103 viitorul cum l-au dorit str\u0103mo\u0219ii: liber, demn, str\u0103lucit. STAJARUL DIN CAJVANA -> De\u0219i au mai fost c\u00e2teva \u00eencerc\u0103ri de a lumina min\u021bile copiilor, \u0219coala \u00eencepe\u00a0 destul de t\u00e2rziu&hellip;&nbsp;<a href=\"https:\/\/gradinitacajvana.ro\/?page_id=278\" class=\"\" rel=\"bookmark\">Read More &raquo;<span class=\"screen-reader-text\">istoric<\/span><\/a><\/p>\n","protected":false},"author":1,"featured_media":0,"parent":7,"menu_order":0,"comment_status":"closed","ping_status":"closed","template":"","meta":{"neve_meta_sidebar":"","neve_meta_container":"","neve_meta_enable_content_width":"","neve_meta_content_width":0,"neve_meta_title_alignment":"","neve_meta_author_avatar":"","neve_post_elements_order":"","neve_meta_disable_header":"off","neve_meta_disable_footer":"off","neve_meta_disable_title":"on","spay_email":"","footnotes":""},"class_list":["post-278","page","type-page","status-publish","hentry"],"yoast_head":"<!-- This site is optimized with the Yoast SEO plugin v18.4.1 - https:\/\/yoast.com\/wordpress\/plugins\/seo\/ -->\n<title>istoric - Gradinita Cajvana<\/title>\n<meta name=\"robots\" content=\"index, follow, max-snippet:-1, max-image-preview:large, max-video-preview:-1\" \/>\n<link rel=\"canonical\" href=\"https:\/\/gradinitacajvana.ro\/?page_id=278\" \/>\n<meta property=\"og:locale\" content=\"en_US\" \/>\n<meta property=\"og:type\" content=\"article\" \/>\n<meta property=\"og:title\" content=\"istoric - Gradinita Cajvana\" \/>\n<meta property=\"og:description\" content=\"O scurta istorie a Gr\u0103dini\u021bei Stej\u0102relul Cajvana Atestat documentar la 3 iulie 1575, satul Cajvana este un sat cu oameni harnici \u0219i \u00een\u021belep\u021bi care \u0219tiu s\u0103-\u0219i rostuiasc\u0103 viitorul cum l-au dorit str\u0103mo\u0219ii: liber, demn, str\u0103lucit. STAJARUL DIN CAJVANA -&gt; De\u0219i au mai fost c\u00e2teva \u00eencerc\u0103ri de a lumina min\u021bile copiilor, \u0219coala \u00eencepe\u00a0 destul de t\u00e2rziu&hellip;&nbsp;Read More &raquo;istoric\" \/>\n<meta property=\"og:url\" content=\"https:\/\/gradinitacajvana.ro\/?page_id=278\" \/>\n<meta property=\"og:site_name\" content=\"Gradinita Cajvana\" \/>\n<meta property=\"article:modified_time\" content=\"2022-03-17T13:57:05+00:00\" \/>\n<meta property=\"og:image\" content=\"https:\/\/gradinitacajvana.ro\/wp-content\/uploads\/2022\/03\/142507.jpg\" \/>\n<meta name=\"twitter:card\" content=\"summary_large_image\" \/>\n<meta name=\"twitter:label1\" content=\"Est. reading time\" \/>\n\t<meta name=\"twitter:data1\" content=\"3 minutes\" \/>\n<script type=\"application\/ld+json\" class=\"yoast-schema-graph\">{\"@context\":\"https:\/\/schema.org\",\"@graph\":[{\"@type\":\"WebSite\",\"@id\":\"https:\/\/gradinitacajvana.ro\/#website\",\"url\":\"https:\/\/gradinitacajvana.ro\/\",\"name\":\"Gradinita Cajvana\",\"description\":\"Just another WordPress site\",\"potentialAction\":[{\"@type\":\"SearchAction\",\"target\":{\"@type\":\"EntryPoint\",\"urlTemplate\":\"https:\/\/gradinitacajvana.ro\/?s={search_term_string}\"},\"query-input\":\"required name=search_term_string\"}],\"inLanguage\":\"en-US\"},{\"@type\":\"ImageObject\",\"@id\":\"https:\/\/gradinitacajvana.ro\/?page_id=278#primaryimage\",\"inLanguage\":\"en-US\",\"url\":\"https:\/\/gradinitacajvana.ro\/wp-content\/uploads\/2022\/03\/142507.jpg\",\"contentUrl\":\"https:\/\/gradinitacajvana.ro\/wp-content\/uploads\/2022\/03\/142507.jpg\",\"width\":477,\"height\":640},{\"@type\":\"WebPage\",\"@id\":\"https:\/\/gradinitacajvana.ro\/?page_id=278#webpage\",\"url\":\"https:\/\/gradinitacajvana.ro\/?page_id=278\",\"name\":\"istoric - Gradinita Cajvana\",\"isPartOf\":{\"@id\":\"https:\/\/gradinitacajvana.ro\/#website\"},\"primaryImageOfPage\":{\"@id\":\"https:\/\/gradinitacajvana.ro\/?page_id=278#primaryimage\"},\"datePublished\":\"2022-03-17T13:38:57+00:00\",\"dateModified\":\"2022-03-17T13:57:05+00:00\",\"breadcrumb\":{\"@id\":\"https:\/\/gradinitacajvana.ro\/?page_id=278#breadcrumb\"},\"inLanguage\":\"en-US\",\"potentialAction\":[{\"@type\":\"ReadAction\",\"target\":[\"https:\/\/gradinitacajvana.ro\/?page_id=278\"]}]},{\"@type\":\"BreadcrumbList\",\"@id\":\"https:\/\/gradinitacajvana.ro\/?page_id=278#breadcrumb\",\"itemListElement\":[{\"@type\":\"ListItem\",\"position\":1,\"name\":\"Home\",\"item\":\"https:\/\/gradinitacajvana.ro\/\"},{\"@type\":\"ListItem\",\"position\":2,\"name\":\"About\",\"item\":\"https:\/\/gradinitacajvana.ro\/?page_id=7\"},{\"@type\":\"ListItem\",\"position\":3,\"name\":\"istoric\"}]}]}<\/script>\n<!-- \/ Yoast SEO plugin. -->","yoast_head_json":{"title":"istoric - Gradinita Cajvana","robots":{"index":"index","follow":"follow","max-snippet":"max-snippet:-1","max-image-preview":"max-image-preview:large","max-video-preview":"max-video-preview:-1"},"canonical":"https:\/\/gradinitacajvana.ro\/?page_id=278","og_locale":"en_US","og_type":"article","og_title":"istoric - Gradinita Cajvana","og_description":"O scurta istorie a Gr\u0103dini\u021bei Stej\u0102relul Cajvana Atestat documentar la 3 iulie 1575, satul Cajvana este un sat cu oameni harnici \u0219i \u00een\u021belep\u021bi care \u0219tiu s\u0103-\u0219i rostuiasc\u0103 viitorul cum l-au dorit str\u0103mo\u0219ii: liber, demn, str\u0103lucit. STAJARUL DIN CAJVANA -> De\u0219i au mai fost c\u00e2teva \u00eencerc\u0103ri de a lumina min\u021bile copiilor, \u0219coala \u00eencepe\u00a0 destul de t\u00e2rziu&hellip;&nbsp;Read More &raquo;istoric","og_url":"https:\/\/gradinitacajvana.ro\/?page_id=278","og_site_name":"Gradinita Cajvana","article_modified_time":"2022-03-17T13:57:05+00:00","og_image":[{"url":"https:\/\/gradinitacajvana.ro\/wp-content\/uploads\/2022\/03\/142507.jpg"}],"twitter_card":"summary_large_image","twitter_misc":{"Est. reading time":"3 minutes"},"schema":{"@context":"https:\/\/schema.org","@graph":[{"@type":"WebSite","@id":"https:\/\/gradinitacajvana.ro\/#website","url":"https:\/\/gradinitacajvana.ro\/","name":"Gradinita Cajvana","description":"Just another WordPress site","potentialAction":[{"@type":"SearchAction","target":{"@type":"EntryPoint","urlTemplate":"https:\/\/gradinitacajvana.ro\/?s={search_term_string}"},"query-input":"required name=search_term_string"}],"inLanguage":"en-US"},{"@type":"ImageObject","@id":"https:\/\/gradinitacajvana.ro\/?page_id=278#primaryimage","inLanguage":"en-US","url":"https:\/\/gradinitacajvana.ro\/wp-content\/uploads\/2022\/03\/142507.jpg","contentUrl":"https:\/\/gradinitacajvana.ro\/wp-content\/uploads\/2022\/03\/142507.jpg","width":477,"height":640},{"@type":"WebPage","@id":"https:\/\/gradinitacajvana.ro\/?page_id=278#webpage","url":"https:\/\/gradinitacajvana.ro\/?page_id=278","name":"istoric - Gradinita Cajvana","isPartOf":{"@id":"https:\/\/gradinitacajvana.ro\/#website"},"primaryImageOfPage":{"@id":"https:\/\/gradinitacajvana.ro\/?page_id=278#primaryimage"},"datePublished":"2022-03-17T13:38:57+00:00","dateModified":"2022-03-17T13:57:05+00:00","breadcrumb":{"@id":"https:\/\/gradinitacajvana.ro\/?page_id=278#breadcrumb"},"inLanguage":"en-US","potentialAction":[{"@type":"ReadAction","target":["https:\/\/gradinitacajvana.ro\/?page_id=278"]}]},{"@type":"BreadcrumbList","@id":"https:\/\/gradinitacajvana.ro\/?page_id=278#breadcrumb","itemListElement":[{"@type":"ListItem","position":1,"name":"Home","item":"https:\/\/gradinitacajvana.ro\/"},{"@type":"ListItem","position":2,"name":"About","item":"https:\/\/gradinitacajvana.ro\/?page_id=7"},{"@type":"ListItem","position":3,"name":"istoric"}]}]}},"_links":{"self":[{"href":"https:\/\/gradinitacajvana.ro\/index.php?rest_route=\/wp\/v2\/pages\/278","targetHints":{"allow":["GET"]}}],"collection":[{"href":"https:\/\/gradinitacajvana.ro\/index.php?rest_route=\/wp\/v2\/pages"}],"about":[{"href":"https:\/\/gradinitacajvana.ro\/index.php?rest_route=\/wp\/v2\/types\/page"}],"author":[{"embeddable":true,"href":"https:\/\/gradinitacajvana.ro\/index.php?rest_route=\/wp\/v2\/users\/1"}],"replies":[{"embeddable":true,"href":"https:\/\/gradinitacajvana.ro\/index.php?rest_route=%2Fwp%2Fv2%2Fcomments&post=278"}],"version-history":[{"count":9,"href":"https:\/\/gradinitacajvana.ro\/index.php?rest_route=\/wp\/v2\/pages\/278\/revisions"}],"predecessor-version":[{"id":318,"href":"https:\/\/gradinitacajvana.ro\/index.php?rest_route=\/wp\/v2\/pages\/278\/revisions\/318"}],"up":[{"embeddable":true,"href":"https:\/\/gradinitacajvana.ro\/index.php?rest_route=\/wp\/v2\/pages\/7"}],"wp:attachment":[{"href":"https:\/\/gradinitacajvana.ro\/index.php?rest_route=%2Fwp%2Fv2%2Fmedia&parent=278"}],"curies":[{"name":"wp","href":"https:\/\/api.w.org\/{rel}","templated":true}]}}