{"id":338,"date":"2022-03-17T14:19:18","date_gmt":"2022-03-17T14:19:18","guid":{"rendered":"https:\/\/gradinitacajvana.ro\/?page_id=338"},"modified":"2022-03-17T14:23:05","modified_gmt":"2022-03-17T14:23:05","slug":"echipa","status":"publish","type":"page","link":"https:\/\/gradinitacajvana.ro\/?page_id=338","title":{"rendered":"Echipa"},"content":{"rendered":"\t\t<div data-elementor-type=\"wp-page\" data-elementor-id=\"338\" class=\"elementor elementor-338\">\n\t\t\t\t\t\t\t\t\t<section class=\"elementor-section elementor-top-section elementor-element elementor-element-6088a1ea elementor-section-boxed elementor-section-height-default elementor-section-height-default\" data-id=\"6088a1ea\" data-element_type=\"section\">\n\t\t\t\t\t\t<div class=\"elementor-container elementor-column-gap-default\">\n\t\t\t\t\t<div class=\"elementor-column elementor-col-100 elementor-top-column elementor-element elementor-element-4e1209f9\" data-id=\"4e1209f9\" data-element_type=\"column\">\n\t\t\t<div class=\"elementor-widget-wrap elementor-element-populated\">\n\t\t\t\t\t\t\t\t<div class=\"elementor-element elementor-element-6782aedc elementor-widget elementor-widget-text-editor\" data-id=\"6782aedc\" data-element_type=\"widget\" data-widget_type=\"text-editor.default\">\n\t\t\t\t<div class=\"elementor-widget-container\">\n\t\t\t<style>\/*! elementor - v3.6.1 - 23-03-2022 *\/\n.elementor-widget-text-editor.elementor-drop-cap-view-stacked .elementor-drop-cap{background-color:#818a91;color:#fff}.elementor-widget-text-editor.elementor-drop-cap-view-framed .elementor-drop-cap{color:#818a91;border:3px solid;background-color:transparent}.elementor-widget-text-editor:not(.elementor-drop-cap-view-default) .elementor-drop-cap{margin-top:8px}.elementor-widget-text-editor:not(.elementor-drop-cap-view-default) .elementor-drop-cap-letter{width:1em;height:1em}.elementor-widget-text-editor .elementor-drop-cap{float:left;text-align:center;line-height:1;font-size:50px}.elementor-widget-text-editor .elementor-drop-cap-letter{display:inline-block}<\/style>\t\t\t\t<!-- wp:themeisle-blocks\/advanced-columns {\"id\":\"wp-block-themeisle-blocks-advanced-columns-6a9ab919\",\"columns\":0} -->\n<div id=\"wp-block-themeisle-blocks-advanced-columns-6a9ab919\" class=\"wp-block-themeisle-blocks-advanced-columns has-0-columns has-desktop-undefined-layout has-tablet-equal-layout has-mobile-equal-layout has-vertical-unset\"><div class=\"wp-block-themeisle-blocks-advanced-columns-overlay\"><\/div><div class=\"innerblocks-wrap\"><\/div><\/div>\n<!-- \/wp:themeisle-blocks\/advanced-columns -->\t\t\t\t\t\t<\/div>\n\t\t\t\t<\/div>\n\t\t\t\t\t<\/div>\n\t\t<\/div>\n\t\t\t\t\t\t\t<\/div>\n\t\t<\/section>\n\t\t\t\t<section class=\"elementor-section elementor-top-section elementor-element elementor-element-8ffd52d elementor-section-boxed elementor-section-height-default elementor-section-height-default\" data-id=\"8ffd52d\" data-element_type=\"section\">\n\t\t\t\t\t\t<div class=\"elementor-container elementor-column-gap-default\">\n\t\t\t\t\t<div class=\"elementor-column elementor-col-100 elementor-top-column elementor-element elementor-element-9ca00fa\" data-id=\"9ca00fa\" data-element_type=\"column\">\n\t\t\t<div class=\"elementor-widget-wrap elementor-element-populated\">\n\t\t\t\t\t\t\t\t<div class=\"elementor-element elementor-element-3fc7408 elementor-widget elementor-widget-text-editor\" data-id=\"3fc7408\" data-element_type=\"widget\" data-widget_type=\"text-editor.default\">\n\t\t\t\t<div class=\"elementor-widget-container\">\n\t\t\t\t\t\t\t<p><strong>DIRECTOR<\/strong> : PROF. UNGUREAN LILIANA VICTORIA<\/p>\n<p><strong>COLECTIVUL DE CADRE DIDACTICE:<\/strong>PROF. MAIEREAN MAGDALENA<br \/>PROF. IACOBAN VIORICA<br \/>PROF. BOCA NASTASIA<br \/>PROF. SAVU MARIANA<br \/>PROF. ANDREICA DANIELA<br \/>PROF. IACOBAN TRANDAFIRA<br \/>PROF. IACOBAN FLOAREA<br \/>PROF. C\u00c2RCU DOMNICA<br \/>PROF. BOCA DOMNICA<br \/>PROF. GUR\u0102U FLOAREA<br \/>ED. P\u00ce\u021aU DOMNICA<br \/>ED. DRAGHICI M\u0102RIU\u021aA RAMONA<br \/>PROF. FULOP CARMEN<br \/>PROF.C\u00c2RCU FLOAREA<br \/>PROF. LUCAN CRISTINA DOMNICA<br \/>PROF. \u0218OLDAN ANU\u021aA<br \/>PROF. DOMNAR FLOAREA<br \/>ED. M\u00ceRZA FLOAREA<br \/>ED. SAVU CASANDRA IONELA<br \/>PROF. GUR\u0102U DOMNICA<br \/>PROF.BOCA DANIELA<br \/>PROF. TUDOR PARASCHIVA<br \/>ED. CIOTU FIRA<br \/>PERSONAL DIDACTIC AUXILIAR<br \/><strong>ADMINISTRATOR FINANCIAR<\/strong>: RUSU L\u0102CRIMIOARA<br \/><strong>SECRETAR<\/strong>: \u0218OLDAN DOMNICA<\/p>\t\t\t\t\t\t<\/div>\n\t\t\t\t<\/div>\n\t\t\t\t\t<\/div>\n\t\t<\/div>\n\t\t\t\t\t\t\t<\/div>\n\t\t<\/section>\n\t\t\t\t\t\t\t<\/div>\n\t\t","protected":false},"excerpt":{"rendered":"<p>DIRECTOR : PROF. UNGUREAN LILIANA VICTORIA COLECTIVUL DE CADRE DIDACTICE:PROF. MAIEREAN MAGDALENAPROF. IACOBAN VIORICAPROF. BOCA NASTASIAPROF. SAVU MARIANAPROF. ANDREICA DANIELAPROF. IACOBAN TRANDAFIRAPROF. IACOBAN FLOAREAPROF. C\u00c2RCU DOMNICAPROF. BOCA DOMNICAPROF. GUR\u0102U FLOAREAED. P\u00ce\u021aU DOMNICAED. DRAGHICI M\u0102RIU\u021aA RAMONAPROF. FULOP CARMENPROF.C\u00c2RCU FLOAREAPROF. LUCAN CRISTINA DOMNICAPROF. \u0218OLDAN ANU\u021aAPROF. DOMNAR FLOAREAED. M\u00ceRZA FLOAREAED. SAVU CASANDRA IONELAPROF. GUR\u0102U DOMNICAPROF.BOCA DANIELAPROF. TUDOR PARASCHIVAED.&hellip;&nbsp;<a href=\"https:\/\/gradinitacajvana.ro\/?page_id=338\" class=\"\" rel=\"bookmark\">Read More &raquo;<span class=\"screen-reader-text\">Echipa<\/span><\/a><\/p>\n","protected":false},"author":1,"featured_media":0,"parent":0,"menu_order":0,"comment_status":"closed","ping_status":"closed","template":"","meta":{"neve_meta_sidebar":"","neve_meta_container":"","neve_meta_enable_content_width":"","neve_meta_content_width":0,"neve_meta_title_alignment":"","neve_meta_author_avatar":"","neve_post_elements_order":"","neve_meta_disable_header":"","neve_meta_disable_footer":"","neve_meta_disable_title":"","spay_email":"","footnotes":""},"class_list":["post-338","page","type-page","status-publish","hentry"],"yoast_head":"<!-- This site is optimized with the Yoast SEO plugin v18.4.1 - https:\/\/yoast.com\/wordpress\/plugins\/seo\/ -->\n<title>Echipa - Gradinita Cajvana<\/title>\n<meta name=\"robots\" content=\"index, follow, max-snippet:-1, max-image-preview:large, max-video-preview:-1\" \/>\n<link rel=\"canonical\" href=\"https:\/\/gradinitacajvana.ro\/?page_id=338\" \/>\n<meta property=\"og:locale\" content=\"en_US\" \/>\n<meta property=\"og:type\" content=\"article\" \/>\n<meta property=\"og:title\" content=\"Echipa - Gradinita Cajvana\" \/>\n<meta property=\"og:description\" content=\"DIRECTOR : PROF. UNGUREAN LILIANA VICTORIA COLECTIVUL DE CADRE DIDACTICE:PROF. MAIEREAN MAGDALENAPROF. IACOBAN VIORICAPROF. BOCA NASTASIAPROF. SAVU MARIANAPROF. ANDREICA DANIELAPROF. IACOBAN TRANDAFIRAPROF. IACOBAN FLOAREAPROF. C\u00c2RCU DOMNICAPROF. BOCA DOMNICAPROF. GUR\u0102U FLOAREAED. P\u00ce\u021aU DOMNICAED. DRAGHICI M\u0102RIU\u021aA RAMONAPROF. FULOP CARMENPROF.C\u00c2RCU FLOAREAPROF. LUCAN CRISTINA DOMNICAPROF. \u0218OLDAN ANU\u021aAPROF. DOMNAR FLOAREAED. M\u00ceRZA FLOAREAED. SAVU CASANDRA IONELAPROF. GUR\u0102U DOMNICAPROF.BOCA DANIELAPROF. TUDOR PARASCHIVAED.&hellip;&nbsp;Read More &raquo;Echipa\" \/>\n<meta property=\"og:url\" content=\"https:\/\/gradinitacajvana.ro\/?page_id=338\" \/>\n<meta property=\"og:site_name\" content=\"Gradinita Cajvana\" \/>\n<meta property=\"article:modified_time\" content=\"2022-03-17T14:23:05+00:00\" \/>\n<meta name=\"twitter:card\" content=\"summary_large_image\" \/>\n<meta name=\"twitter:label1\" content=\"Est. reading time\" \/>\n\t<meta name=\"twitter:data1\" content=\"1 minute\" \/>\n<script type=\"application\/ld+json\" class=\"yoast-schema-graph\">{\"@context\":\"https:\/\/schema.org\",\"@graph\":[{\"@type\":\"WebSite\",\"@id\":\"https:\/\/gradinitacajvana.ro\/#website\",\"url\":\"https:\/\/gradinitacajvana.ro\/\",\"name\":\"Gradinita Cajvana\",\"description\":\"Just another WordPress site\",\"potentialAction\":[{\"@type\":\"SearchAction\",\"target\":{\"@type\":\"EntryPoint\",\"urlTemplate\":\"https:\/\/gradinitacajvana.ro\/?s={search_term_string}\"},\"query-input\":\"required name=search_term_string\"}],\"inLanguage\":\"en-US\"},{\"@type\":\"WebPage\",\"@id\":\"https:\/\/gradinitacajvana.ro\/?page_id=338#webpage\",\"url\":\"https:\/\/gradinitacajvana.ro\/?page_id=338\",\"name\":\"Echipa - Gradinita Cajvana\",\"isPartOf\":{\"@id\":\"https:\/\/gradinitacajvana.ro\/#website\"},\"datePublished\":\"2022-03-17T14:19:18+00:00\",\"dateModified\":\"2022-03-17T14:23:05+00:00\",\"breadcrumb\":{\"@id\":\"https:\/\/gradinitacajvana.ro\/?page_id=338#breadcrumb\"},\"inLanguage\":\"en-US\",\"potentialAction\":[{\"@type\":\"ReadAction\",\"target\":[\"https:\/\/gradinitacajvana.ro\/?page_id=338\"]}]},{\"@type\":\"BreadcrumbList\",\"@id\":\"https:\/\/gradinitacajvana.ro\/?page_id=338#breadcrumb\",\"itemListElement\":[{\"@type\":\"ListItem\",\"position\":1,\"name\":\"Home\",\"item\":\"https:\/\/gradinitacajvana.ro\/\"},{\"@type\":\"ListItem\",\"position\":2,\"name\":\"Echipa\"}]}]}<\/script>\n<!-- \/ Yoast SEO plugin. -->","yoast_head_json":{"title":"Echipa - Gradinita Cajvana","robots":{"index":"index","follow":"follow","max-snippet":"max-snippet:-1","max-image-preview":"max-image-preview:large","max-video-preview":"max-video-preview:-1"},"canonical":"https:\/\/gradinitacajvana.ro\/?page_id=338","og_locale":"en_US","og_type":"article","og_title":"Echipa - Gradinita Cajvana","og_description":"DIRECTOR : PROF. UNGUREAN LILIANA VICTORIA COLECTIVUL DE CADRE DIDACTICE:PROF. MAIEREAN MAGDALENAPROF. IACOBAN VIORICAPROF. BOCA NASTASIAPROF. SAVU MARIANAPROF. ANDREICA DANIELAPROF. IACOBAN TRANDAFIRAPROF. IACOBAN FLOAREAPROF. C\u00c2RCU DOMNICAPROF. BOCA DOMNICAPROF. GUR\u0102U FLOAREAED. P\u00ce\u021aU DOMNICAED. DRAGHICI M\u0102RIU\u021aA RAMONAPROF. FULOP CARMENPROF.C\u00c2RCU FLOAREAPROF. LUCAN CRISTINA DOMNICAPROF. \u0218OLDAN ANU\u021aAPROF. DOMNAR FLOAREAED. M\u00ceRZA FLOAREAED. SAVU CASANDRA IONELAPROF. GUR\u0102U DOMNICAPROF.BOCA DANIELAPROF. TUDOR PARASCHIVAED.&hellip;&nbsp;Read More &raquo;Echipa","og_url":"https:\/\/gradinitacajvana.ro\/?page_id=338","og_site_name":"Gradinita Cajvana","article_modified_time":"2022-03-17T14:23:05+00:00","twitter_card":"summary_large_image","twitter_misc":{"Est. reading time":"1 minute"},"schema":{"@context":"https:\/\/schema.org","@graph":[{"@type":"WebSite","@id":"https:\/\/gradinitacajvana.ro\/#website","url":"https:\/\/gradinitacajvana.ro\/","name":"Gradinita Cajvana","description":"Just another WordPress site","potentialAction":[{"@type":"SearchAction","target":{"@type":"EntryPoint","urlTemplate":"https:\/\/gradinitacajvana.ro\/?s={search_term_string}"},"query-input":"required name=search_term_string"}],"inLanguage":"en-US"},{"@type":"WebPage","@id":"https:\/\/gradinitacajvana.ro\/?page_id=338#webpage","url":"https:\/\/gradinitacajvana.ro\/?page_id=338","name":"Echipa - Gradinita Cajvana","isPartOf":{"@id":"https:\/\/gradinitacajvana.ro\/#website"},"datePublished":"2022-03-17T14:19:18+00:00","dateModified":"2022-03-17T14:23:05+00:00","breadcrumb":{"@id":"https:\/\/gradinitacajvana.ro\/?page_id=338#breadcrumb"},"inLanguage":"en-US","potentialAction":[{"@type":"ReadAction","target":["https:\/\/gradinitacajvana.ro\/?page_id=338"]}]},{"@type":"BreadcrumbList","@id":"https:\/\/gradinitacajvana.ro\/?page_id=338#breadcrumb","itemListElement":[{"@type":"ListItem","position":1,"name":"Home","item":"https:\/\/gradinitacajvana.ro\/"},{"@type":"ListItem","position":2,"name":"Echipa"}]}]}},"_links":{"self":[{"href":"https:\/\/gradinitacajvana.ro\/index.php?rest_route=\/wp\/v2\/pages\/338","targetHints":{"allow":["GET"]}}],"collection":[{"href":"https:\/\/gradinitacajvana.ro\/index.php?rest_route=\/wp\/v2\/pages"}],"about":[{"href":"https:\/\/gradinitacajvana.ro\/index.php?rest_route=\/wp\/v2\/types\/page"}],"author":[{"embeddable":true,"href":"https:\/\/gradinitacajvana.ro\/index.php?rest_route=\/wp\/v2\/users\/1"}],"replies":[{"embeddable":true,"href":"https:\/\/gradinitacajvana.ro\/index.php?rest_route=%2Fwp%2Fv2%2Fcomments&post=338"}],"version-history":[{"count":6,"href":"https:\/\/gradinitacajvana.ro\/index.php?rest_route=\/wp\/v2\/pages\/338\/revisions"}],"predecessor-version":[{"id":409,"href":"https:\/\/gradinitacajvana.ro\/index.php?rest_route=\/wp\/v2\/pages\/338\/revisions\/409"}],"wp:attachment":[{"href":"https:\/\/gradinitacajvana.ro\/index.php?rest_route=%2Fwp%2Fv2%2Fmedia&parent=338"}],"curies":[{"name":"wp","href":"https:\/\/api.w.org\/{rel}","templated":true}]}}