{"id":364,"date":"2022-03-27T16:04:59","date_gmt":"2022-03-27T16:04:59","guid":{"rendered":"https:\/\/gradinitacajvana.ro\/?page_id=364"},"modified":"2026-03-24T09:07:09","modified_gmt":"2026-03-24T09:07:09","slug":"informatii-oficiale","status":"publish","type":"page","link":"https:\/\/gradinitacajvana.ro\/?page_id=364","title":{"rendered":"Informatii oficiale"},"content":{"rendered":"\n<p><\/p>\n\n\n\n<p>24.03.2026<\/p>\n\n\n\n<p><strong>Sprijin educa\u021bional pentru pre\u0219colarii \u0219i elevii dezavantaja\u021bi din \u00eenv\u0103\u021b\u0103m\u00e2ntul de stat pre\u0219colar, primar \u0219i gimnazial\u201d<\/strong><\/p>\n\n\n\n<p><strong>Proiect cofina\u021bat din Fondul Social European+ prin \u201cProgramul Incluziune \u0219i Demnitate Social\u0103 2021-2027\u201d<\/strong><\/p>\n\n\n\n<p><strong>Cod<\/strong> <a href=\"http:\/\/www.fonduri-ue.ro\/anunturi-diverse\/2005-anunt-18-08-2016\"><strong>My <\/strong><\/a><a href=\"http:\/\/www.fonduri-ue.ro\/anunturi-diverse\/2005-anunt-18-08-2016\"><strong>SMIS <\/strong><\/a><strong>319029<\/strong><\/p>\n\n\n\n<p><strong><u>Beneficiar<\/u><\/strong><strong>: Ministerul Investi\u021biilor \u0219i Proiectelor Europene\/<\/strong>Direc\u021bia de Implementare M\u0103suri Sociale<\/p>\n\n\n\n<p><strong><u>Obiectivul general al proiectului<\/u><\/strong>: Obiectivul general al proiectului const\u0103 \u00een cre\u0219terea calit\u0103\u021bii vie\u021bii prin acordarea de tichete sociale pe suport electronic pentru sprijinul educa\u021bional \u00een vederea achizi\u021bion\u0103rii de materiale \u0219colare de care beneficiaz\u0103 pre\u0219colarii \u0219i elevii dezavantaja\u021bi, \u00een acord cu prevederile Ordonan\u021bei de Urgen\u021b\u0103 nr. 83 din 12 octombrie 2023, cu modific\u0103rile \u0219i complet\u0103rile ulterioare, privind unele m\u0103suri pentru sus\u021binerea pre\u0219colarilor \u0219i elevilor dezavantaja\u021bi care beneficiaz\u0103 de sprijin educa\u021bional pe baz\u0103 de tichete sociale pe suport electronic acordate din fonduri externe nerambursabile \u0219i luarea unor m\u0103suri \u00een domeniul educa\u021biei.<\/p>\n\n\n\n<p><strong><u>Obiectiv specific al proiectului:<\/u><\/strong><\/p>\n\n\n\n<ol class=\"wp-block-list\">\n<li>Obiectivul specific al proiectului consta \u00een acordarea de sprijin material pe baz\u0103 de tichete sociale pe suport electronic pentru categoriile cele mai defavorizate grup \u021bint\u0103 eligibil ce respect\u0103 prevederile Ordonan\u021bei de Urgen\u021b\u0103 nr. 83\/2023, cu modific\u0103rile \u0219i complet\u0103rile ulterioare<\/li>\n\n\n\n<li>Acordarea prin tichete sociale pe suport electronic de materiale \u0219colare, rechizite necesare frecvent\u0103rii \u0219colii, articole de papet\u0103rie, caiete, stilouri \u00a0c\u00e2t \u0219i alte articole necesare \u00een \u0219coli \u0219i gr\u0103dini\u021be, precum \u0219i articole de vestimenta\u021bie necesare frecventarii \u0219colii \u0219i gr\u0103dini\u021bei.<\/li>\n\n\n\n<li>Reducerea num\u0103rului de elevi care abandoneaz\u0103 timpuriu din cauza precarit\u0103\u021bii materiale.<\/li>\n\n\n\n<li>Consolidarea coeziunii sociale \u0219i reducerea s\u0103r\u0103ciei extreme prin distribuirea de materiale \u0219colare, precum \u0219i a articolelor de vestimenta\u021bie.<\/li>\n<\/ol>\n\n\n\n<p><strong><u>Obiectivul tematic al proiectului:<\/u><\/strong><\/p>\n\n\n\n<p>Pentru a atenua riscul de p\u0103r\u0103sire timpurie a \u0219colii, a fost aprobat\u0103 \u201eSchema na\u0163ional\u0103 de sprijin pentru pre\u015fcolarii \u015fi elevii dezavantaja\u0163i 2023-2027\u201d (S.N.S.E.D 2023-2027), implementat\u0103 prin Ordonan\u021ba de urgen\u021b\u0103 a Guvernului nr. 83\/2023, finan\u021bat\u0103 potrivit regulilor de eligibilitate ale Programului Incluziune \u0219i Demnitate Social\u0103 2021-2027.<\/p>\n\n\n\n<p><strong><u>Valoarea totala a proiectului:<\/u><\/strong>&nbsp; 818.329.550,00 lei din care, 597.048.000,00 lei din FSE+<\/p>\n\n\n\n<p><strong><u>Durata proiectului:<\/u><\/strong><strong> 4<\/strong> ani<\/p>\n\n\n\n<figure class=\"wp-block-image size-full\"><img loading=\"lazy\" decoding=\"async\" width=\"921\" height=\"640\" src=\"https:\/\/gradinitacajvana.ro\/wp-content\/uploads\/2026\/03\/proiect.jpg\" alt=\"\" class=\"wp-image-418\" srcset=\"https:\/\/gradinitacajvana.ro\/wp-content\/uploads\/2026\/03\/proiect.jpg 921w, https:\/\/gradinitacajvana.ro\/wp-content\/uploads\/2026\/03\/proiect-300x208.jpg 300w, https:\/\/gradinitacajvana.ro\/wp-content\/uploads\/2026\/03\/proiect-768x534.jpg 768w\" sizes=\"auto, (max-width: 921px) 100vw, 921px\" \/><\/figure>\n\n\n\n<p><\/p>\n","protected":false},"excerpt":{"rendered":"<p>24.03.2026 Sprijin educa\u021bional pentru pre\u0219colarii \u0219i elevii dezavantaja\u021bi din \u00eenv\u0103\u021b\u0103m\u00e2ntul de stat pre\u0219colar, primar \u0219i gimnazial\u201d Proiect cofina\u021bat din Fondul Social European+ prin \u201cProgramul Incluziune \u0219i Demnitate Social\u0103 2021-2027\u201d Cod My SMIS 319029 Beneficiar: Ministerul Investi\u021biilor \u0219i Proiectelor Europene\/Direc\u021bia de Implementare M\u0103suri Sociale Obiectivul general al proiectului: Obiectivul general al proiectului const\u0103 \u00een cre\u0219terea calit\u0103\u021bii&hellip;&nbsp;<a href=\"https:\/\/gradinitacajvana.ro\/?page_id=364\" class=\"\" rel=\"bookmark\">Read More &raquo;<span class=\"screen-reader-text\">Informatii oficiale<\/span><\/a><\/p>\n","protected":false},"author":1,"featured_media":0,"parent":0,"menu_order":0,"comment_status":"closed","ping_status":"closed","template":"","meta":{"neve_meta_sidebar":"","neve_meta_container":"","neve_meta_enable_content_width":"","neve_meta_content_width":0,"neve_meta_title_alignment":"","neve_meta_author_avatar":"","neve_post_elements_order":"","neve_meta_disable_header":"","neve_meta_disable_footer":"","neve_meta_disable_title":"","spay_email":"","footnotes":""},"class_list":["post-364","page","type-page","status-publish","hentry"],"yoast_head":"<!-- This site is optimized with the Yoast SEO plugin v18.4.1 - https:\/\/yoast.com\/wordpress\/plugins\/seo\/ -->\n<title>Informatii oficiale - Gradinita Cajvana<\/title>\n<meta name=\"robots\" content=\"index, follow, max-snippet:-1, max-image-preview:large, max-video-preview:-1\" \/>\n<link rel=\"canonical\" href=\"https:\/\/gradinitacajvana.ro\/?page_id=364\" \/>\n<meta property=\"og:locale\" content=\"en_US\" \/>\n<meta property=\"og:type\" content=\"article\" \/>\n<meta property=\"og:title\" content=\"Informatii oficiale - Gradinita Cajvana\" \/>\n<meta property=\"og:description\" content=\"24.03.2026 Sprijin educa\u021bional pentru pre\u0219colarii \u0219i elevii dezavantaja\u021bi din \u00eenv\u0103\u021b\u0103m\u00e2ntul de stat pre\u0219colar, primar \u0219i gimnazial\u201d Proiect cofina\u021bat din Fondul Social European+ prin \u201cProgramul Incluziune \u0219i Demnitate Social\u0103 2021-2027\u201d Cod My SMIS 319029 Beneficiar: Ministerul Investi\u021biilor \u0219i Proiectelor Europene\/Direc\u021bia de Implementare M\u0103suri Sociale Obiectivul general al proiectului: Obiectivul general al proiectului const\u0103 \u00een cre\u0219terea calit\u0103\u021bii&hellip;&nbsp;Read More &raquo;Informatii oficiale\" \/>\n<meta property=\"og:url\" content=\"https:\/\/gradinitacajvana.ro\/?page_id=364\" \/>\n<meta property=\"og:site_name\" content=\"Gradinita Cajvana\" \/>\n<meta property=\"article:modified_time\" content=\"2026-03-24T09:07:09+00:00\" \/>\n<meta property=\"og:image\" content=\"https:\/\/gradinitacajvana.ro\/wp-content\/uploads\/2026\/03\/proiect.jpg\" \/>\n<meta name=\"twitter:card\" content=\"summary_large_image\" \/>\n<script type=\"application\/ld+json\" class=\"yoast-schema-graph\">{\"@context\":\"https:\/\/schema.org\",\"@graph\":[{\"@type\":\"WebSite\",\"@id\":\"https:\/\/gradinitacajvana.ro\/#website\",\"url\":\"https:\/\/gradinitacajvana.ro\/\",\"name\":\"Gradinita Cajvana\",\"description\":\"Just another WordPress site\",\"potentialAction\":[{\"@type\":\"SearchAction\",\"target\":{\"@type\":\"EntryPoint\",\"urlTemplate\":\"https:\/\/gradinitacajvana.ro\/?s={search_term_string}\"},\"query-input\":\"required name=search_term_string\"}],\"inLanguage\":\"en-US\"},{\"@type\":\"ImageObject\",\"@id\":\"https:\/\/gradinitacajvana.ro\/?page_id=364#primaryimage\",\"inLanguage\":\"en-US\",\"url\":\"https:\/\/gradinitacajvana.ro\/wp-content\/uploads\/2026\/03\/proiect.jpg\",\"contentUrl\":\"https:\/\/gradinitacajvana.ro\/wp-content\/uploads\/2026\/03\/proiect.jpg\",\"width\":921,\"height\":640},{\"@type\":\"WebPage\",\"@id\":\"https:\/\/gradinitacajvana.ro\/?page_id=364#webpage\",\"url\":\"https:\/\/gradinitacajvana.ro\/?page_id=364\",\"name\":\"Informatii oficiale - Gradinita Cajvana\",\"isPartOf\":{\"@id\":\"https:\/\/gradinitacajvana.ro\/#website\"},\"primaryImageOfPage\":{\"@id\":\"https:\/\/gradinitacajvana.ro\/?page_id=364#primaryimage\"},\"datePublished\":\"2022-03-27T16:04:59+00:00\",\"dateModified\":\"2026-03-24T09:07:09+00:00\",\"breadcrumb\":{\"@id\":\"https:\/\/gradinitacajvana.ro\/?page_id=364#breadcrumb\"},\"inLanguage\":\"en-US\",\"potentialAction\":[{\"@type\":\"ReadAction\",\"target\":[\"https:\/\/gradinitacajvana.ro\/?page_id=364\"]}]},{\"@type\":\"BreadcrumbList\",\"@id\":\"https:\/\/gradinitacajvana.ro\/?page_id=364#breadcrumb\",\"itemListElement\":[{\"@type\":\"ListItem\",\"position\":1,\"name\":\"Home\",\"item\":\"https:\/\/gradinitacajvana.ro\/\"},{\"@type\":\"ListItem\",\"position\":2,\"name\":\"Informatii oficiale\"}]}]}<\/script>\n<!-- \/ Yoast SEO plugin. -->","yoast_head_json":{"title":"Informatii oficiale - Gradinita Cajvana","robots":{"index":"index","follow":"follow","max-snippet":"max-snippet:-1","max-image-preview":"max-image-preview:large","max-video-preview":"max-video-preview:-1"},"canonical":"https:\/\/gradinitacajvana.ro\/?page_id=364","og_locale":"en_US","og_type":"article","og_title":"Informatii oficiale - Gradinita Cajvana","og_description":"24.03.2026 Sprijin educa\u021bional pentru pre\u0219colarii \u0219i elevii dezavantaja\u021bi din \u00eenv\u0103\u021b\u0103m\u00e2ntul de stat pre\u0219colar, primar \u0219i gimnazial\u201d Proiect cofina\u021bat din Fondul Social European+ prin \u201cProgramul Incluziune \u0219i Demnitate Social\u0103 2021-2027\u201d Cod My SMIS 319029 Beneficiar: Ministerul Investi\u021biilor \u0219i Proiectelor Europene\/Direc\u021bia de Implementare M\u0103suri Sociale Obiectivul general al proiectului: Obiectivul general al proiectului const\u0103 \u00een cre\u0219terea calit\u0103\u021bii&hellip;&nbsp;Read More &raquo;Informatii oficiale","og_url":"https:\/\/gradinitacajvana.ro\/?page_id=364","og_site_name":"Gradinita Cajvana","article_modified_time":"2026-03-24T09:07:09+00:00","og_image":[{"url":"https:\/\/gradinitacajvana.ro\/wp-content\/uploads\/2026\/03\/proiect.jpg"}],"twitter_card":"summary_large_image","schema":{"@context":"https:\/\/schema.org","@graph":[{"@type":"WebSite","@id":"https:\/\/gradinitacajvana.ro\/#website","url":"https:\/\/gradinitacajvana.ro\/","name":"Gradinita Cajvana","description":"Just another WordPress site","potentialAction":[{"@type":"SearchAction","target":{"@type":"EntryPoint","urlTemplate":"https:\/\/gradinitacajvana.ro\/?s={search_term_string}"},"query-input":"required name=search_term_string"}],"inLanguage":"en-US"},{"@type":"ImageObject","@id":"https:\/\/gradinitacajvana.ro\/?page_id=364#primaryimage","inLanguage":"en-US","url":"https:\/\/gradinitacajvana.ro\/wp-content\/uploads\/2026\/03\/proiect.jpg","contentUrl":"https:\/\/gradinitacajvana.ro\/wp-content\/uploads\/2026\/03\/proiect.jpg","width":921,"height":640},{"@type":"WebPage","@id":"https:\/\/gradinitacajvana.ro\/?page_id=364#webpage","url":"https:\/\/gradinitacajvana.ro\/?page_id=364","name":"Informatii oficiale - Gradinita Cajvana","isPartOf":{"@id":"https:\/\/gradinitacajvana.ro\/#website"},"primaryImageOfPage":{"@id":"https:\/\/gradinitacajvana.ro\/?page_id=364#primaryimage"},"datePublished":"2022-03-27T16:04:59+00:00","dateModified":"2026-03-24T09:07:09+00:00","breadcrumb":{"@id":"https:\/\/gradinitacajvana.ro\/?page_id=364#breadcrumb"},"inLanguage":"en-US","potentialAction":[{"@type":"ReadAction","target":["https:\/\/gradinitacajvana.ro\/?page_id=364"]}]},{"@type":"BreadcrumbList","@id":"https:\/\/gradinitacajvana.ro\/?page_id=364#breadcrumb","itemListElement":[{"@type":"ListItem","position":1,"name":"Home","item":"https:\/\/gradinitacajvana.ro\/"},{"@type":"ListItem","position":2,"name":"Informatii oficiale"}]}]}},"_links":{"self":[{"href":"https:\/\/gradinitacajvana.ro\/index.php?rest_route=\/wp\/v2\/pages\/364","targetHints":{"allow":["GET"]}}],"collection":[{"href":"https:\/\/gradinitacajvana.ro\/index.php?rest_route=\/wp\/v2\/pages"}],"about":[{"href":"https:\/\/gradinitacajvana.ro\/index.php?rest_route=\/wp\/v2\/types\/page"}],"author":[{"embeddable":true,"href":"https:\/\/gradinitacajvana.ro\/index.php?rest_route=\/wp\/v2\/users\/1"}],"replies":[{"embeddable":true,"href":"https:\/\/gradinitacajvana.ro\/index.php?rest_route=%2Fwp%2Fv2%2Fcomments&post=364"}],"version-history":[{"count":22,"href":"https:\/\/gradinitacajvana.ro\/index.php?rest_route=\/wp\/v2\/pages\/364\/revisions"}],"predecessor-version":[{"id":422,"href":"https:\/\/gradinitacajvana.ro\/index.php?rest_route=\/wp\/v2\/pages\/364\/revisions\/422"}],"wp:attachment":[{"href":"https:\/\/gradinitacajvana.ro\/index.php?rest_route=%2Fwp%2Fv2%2Fmedia&parent=364"}],"curies":[{"name":"wp","href":"https:\/\/api.w.org\/{rel}","templated":true}]}}