{"id":7,"date":"2020-01-07T16:38:22","date_gmt":"2020-01-07T16:38:22","guid":{"rendered":"https:\/\/demosites.io\/painter-gb\/?page_id=7"},"modified":"2022-03-17T13:34:33","modified_gmt":"2022-03-17T13:34:33","slug":"34b08-artist-about","status":"publish","type":"page","link":"https:\/\/gradinitacajvana.ro\/?page_id=7","title":{"rendered":"About"},"content":{"rendered":"\t\t<div data-elementor-type=\"wp-page\" data-elementor-id=\"7\" class=\"elementor elementor-7\">\n\t\t\t\t\t\t\t\t\t<section class=\"elementor-section elementor-top-section elementor-element elementor-element-6e3a420 elementor-reverse-tablet elementor-reverse-mobile elementor-section-stretched elementor-section-boxed elementor-section-height-default elementor-section-height-default\" data-id=\"6e3a420\" data-element_type=\"section\" data-settings=\"{&quot;background_background&quot;:&quot;classic&quot;,&quot;stretch_section&quot;:&quot;section-stretched&quot;}\">\n\t\t\t\t\t\t<div class=\"elementor-container elementor-column-gap-default\">\n\t\t\t\t\t<div class=\"elementor-column elementor-col-100 elementor-top-column elementor-element elementor-element-0d94220\" data-id=\"0d94220\" data-element_type=\"column\">\n\t\t\t<div class=\"elementor-widget-wrap elementor-element-populated\">\n\t\t\t\t\t\t\t\t<div class=\"elementor-element elementor-element-5dbefe7 elementor-widget elementor-widget-heading\" data-id=\"5dbefe7\" data-element_type=\"widget\" data-widget_type=\"heading.default\">\n\t\t\t\t<div class=\"elementor-widget-container\">\n\t\t\t<style>\/*! elementor - v3.6.1 - 23-03-2022 *\/\n.elementor-heading-title{padding:0;margin:0;line-height:1}.elementor-widget-heading .elementor-heading-title[class*=elementor-size-]>a{color:inherit;font-size:inherit;line-height:inherit}.elementor-widget-heading .elementor-heading-title.elementor-size-small{font-size:15px}.elementor-widget-heading .elementor-heading-title.elementor-size-medium{font-size:19px}.elementor-widget-heading .elementor-heading-title.elementor-size-large{font-size:29px}.elementor-widget-heading .elementor-heading-title.elementor-size-xl{font-size:39px}.elementor-widget-heading .elementor-heading-title.elementor-size-xxl{font-size:59px}<\/style><h2 class=\"elementor-heading-title elementor-size-default\">Despre noi<\/h2>\t\t<\/div>\n\t\t\t\t<\/div>\n\t\t\t\t<div class=\"elementor-element elementor-element-b5f26f2 elementor-widget elementor-widget-text-editor\" data-id=\"b5f26f2\" data-element_type=\"widget\" data-widget_type=\"text-editor.default\">\n\t\t\t\t<div class=\"elementor-widget-container\">\n\t\t\t<style>\/*! elementor - v3.6.1 - 23-03-2022 *\/\n.elementor-widget-text-editor.elementor-drop-cap-view-stacked .elementor-drop-cap{background-color:#818a91;color:#fff}.elementor-widget-text-editor.elementor-drop-cap-view-framed .elementor-drop-cap{color:#818a91;border:3px solid;background-color:transparent}.elementor-widget-text-editor:not(.elementor-drop-cap-view-default) .elementor-drop-cap{margin-top:8px}.elementor-widget-text-editor:not(.elementor-drop-cap-view-default) .elementor-drop-cap-letter{width:1em;height:1em}.elementor-widget-text-editor .elementor-drop-cap{float:left;text-align:center;line-height:1;font-size:50px}.elementor-widget-text-editor .elementor-drop-cap-letter{display:inline-block}<\/style>\t\t\t\t<p>Gr\u0103dini\u021ba\u00a0 cu Program Normal ,,Stej\u0103relul\u201d \u00a0este o unitate cu personalitate juridic\u0103 din anul 2006, situat\u0103 \u00een inima Bucovinei , \u00een ora\u0219ul Cajvana, jude\u021bul Suceava. Aceasta func\u021bioneaz\u0103 \u00een 9 loca\u021bii,\u00a0 cu un efectiv de 500 pre\u0219colari \u00eemp\u0103r\u021bi\u021bi \u00een 24 de grupe : 8 grupe mici, 8 grupe mijlocii \u0219i 8 grupe mari. Grupele de pre\u0219colari sunt conduse de 24 cadre didactice profesioniste, dintre care 17 educatoare cu grad didactic I, o educatoare cu grad didactic II, 5 educatoare cu definitivat \u0219i o debutant\u0103. Cadrele de la gr\u0103dini\u021ba noastr\u0103 sunt apreciate de p\u0103rin\u021bi \u0219i \u00a0de comunitatea local\u0103, dar \u0219i la nivel jude\u021bean,\u00a0 pentru implicarea \u00een numeroase activit\u0103\u021bi \u0219colare \u0219i extra\u0219colare. Pe l\u00e2ng\u0103 activitatea didactic\u0103, educatoarele de la G.P.N. Stej\u0103relul, sunt preocupate de propria perfec\u021bionare profesional\u0103 prin particip\u0103ri\u00a0 la Sesiuni de comunic\u0103ri \u0219tiin\u021bifice \u0219i Simpozioane, cursuri de formare \u0219i publicarea unor articole \u0219i studii \u00een reviste de specialitate.Suntem o gr\u0103dini\u0103 deschis\u0103 pentru to\u021bi copiii.<\/p>\n<p>\u00a0<\/p>\t\t\t\t\t\t<\/div>\n\t\t\t\t<\/div>\n\t\t\t\t\t<\/div>\n\t\t<\/div>\n\t\t\t\t\t\t\t<\/div>\n\t\t<\/section>\n\t\t\t\t<section class=\"elementor-section elementor-top-section elementor-element elementor-element-ebb8dff elementor-section-content-middle elementor-section-boxed elementor-section-height-default elementor-section-height-default\" data-id=\"ebb8dff\" data-element_type=\"section\" data-settings=\"{&quot;background_background&quot;:&quot;classic&quot;}\">\n\t\t\t\t\t\t<div class=\"elementor-container elementor-column-gap-default\">\n\t\t\t\t\t<div class=\"elementor-column elementor-col-100 elementor-top-column elementor-element elementor-element-6117a2b\" data-id=\"6117a2b\" data-element_type=\"column\">\n\t\t\t<div class=\"elementor-widget-wrap elementor-element-populated\">\n\t\t\t\t\t\t\t\t<div class=\"elementor-element elementor-element-68c79bc elementor-widget elementor-widget-heading\" data-id=\"68c79bc\" data-element_type=\"widget\" data-widget_type=\"heading.default\">\n\t\t\t\t<div class=\"elementor-widget-container\">\n\t\t\t<h2 class=\"elementor-heading-title elementor-size-default\">GPN ,,Stej\u0103relul\u201d Cajvana ofer\u0103 copiilor:<\/h2>\t\t<\/div>\n\t\t\t\t<\/div>\n\t\t\t\t<div class=\"elementor-element elementor-element-7265a61 elementor-position-top elementor-vertical-align-top elementor-widget elementor-widget-image-box\" data-id=\"7265a61\" data-element_type=\"widget\" data-widget_type=\"image-box.default\">\n\t\t\t\t<div class=\"elementor-widget-container\">\n\t\t\t<style>\/*! elementor - v3.6.1 - 23-03-2022 *\/\n.elementor-widget-image-box .elementor-image-box-content{width:100%}@media (min-width:768px){.elementor-widget-image-box.elementor-position-left .elementor-image-box-wrapper,.elementor-widget-image-box.elementor-position-right .elementor-image-box-wrapper{display:-webkit-box;display:-ms-flexbox;display:flex}.elementor-widget-image-box.elementor-position-right .elementor-image-box-wrapper{text-align:right;-webkit-box-orient:horizontal;-webkit-box-direction:reverse;-ms-flex-direction:row-reverse;flex-direction:row-reverse}.elementor-widget-image-box.elementor-position-left .elementor-image-box-wrapper{text-align:left;-webkit-box-orient:horizontal;-webkit-box-direction:normal;-ms-flex-direction:row;flex-direction:row}.elementor-widget-image-box.elementor-position-top .elementor-image-box-img{margin:auto}.elementor-widget-image-box.elementor-vertical-align-top .elementor-image-box-wrapper{-webkit-box-align:start;-ms-flex-align:start;align-items:flex-start}.elementor-widget-image-box.elementor-vertical-align-middle .elementor-image-box-wrapper{-webkit-box-align:center;-ms-flex-align:center;align-items:center}.elementor-widget-image-box.elementor-vertical-align-bottom .elementor-image-box-wrapper{-webkit-box-align:end;-ms-flex-align:end;align-items:flex-end}}@media (max-width:767px){.elementor-widget-image-box .elementor-image-box-img{margin-left:auto!important;margin-right:auto!important;margin-bottom:15px}}.elementor-widget-image-box .elementor-image-box-img{display:inline-block}.elementor-widget-image-box .elementor-image-box-title a{color:inherit}.elementor-widget-image-box .elementor-image-box-wrapper{text-align:center}.elementor-widget-image-box .elementor-image-box-description{margin:0}<\/style><div class=\"elementor-image-box-wrapper\"><div class=\"elementor-image-box-content\"><h3 class=\"elementor-image-box-title\"><a href=\"#\">SIGURAN\u021a\u0102<\/a><\/h3><p class=\"elementor-image-box-description\">\n<\/p><\/div><\/div>\t\t<\/div>\n\t\t\t\t<\/div>\n\t\t\t\t<div class=\"elementor-element elementor-element-aada103 elementor-position-top elementor-vertical-align-top elementor-widget elementor-widget-image-box\" data-id=\"aada103\" data-element_type=\"widget\" data-widget_type=\"image-box.default\">\n\t\t\t\t<div class=\"elementor-widget-container\">\n\t\t\t<div class=\"elementor-image-box-wrapper\"><div class=\"elementor-image-box-content\"><h3 class=\"elementor-image-box-title\"><a href=\"#\">TOLERAN\u021a\u0102<\/a><\/h3><\/div><\/div>\t\t<\/div>\n\t\t\t\t<\/div>\n\t\t\t\t<div class=\"elementor-element elementor-element-95a3743 elementor-position-top elementor-vertical-align-top elementor-widget elementor-widget-image-box\" data-id=\"95a3743\" data-element_type=\"widget\" data-widget_type=\"image-box.default\">\n\t\t\t\t<div class=\"elementor-widget-container\">\n\t\t\t<div class=\"elementor-image-box-wrapper\"><div class=\"elementor-image-box-content\"><h3 class=\"elementor-image-box-title\"><a href=\"#\">EGALITATE DE \u0218ANSE<\/a><\/h3><\/div><\/div>\t\t<\/div>\n\t\t\t\t<\/div>\n\t\t\t\t<div class=\"elementor-element elementor-element-0fdecf0 elementor-position-top elementor-vertical-align-top elementor-widget elementor-widget-image-box\" data-id=\"0fdecf0\" data-element_type=\"widget\" data-widget_type=\"image-box.default\">\n\t\t\t\t<div class=\"elementor-widget-container\">\n\t\t\t<div class=\"elementor-image-box-wrapper\"><div class=\"elementor-image-box-content\"><h3 class=\"elementor-image-box-title\"><a href=\"#\">JOC \u0218I JOAC\u0102<\/a><\/h3><\/div><\/div>\t\t<\/div>\n\t\t\t\t<\/div>\n\t\t\t\t<div class=\"elementor-element elementor-element-2d7e49c elementor-position-top elementor-vertical-align-top elementor-widget elementor-widget-image-box\" data-id=\"2d7e49c\" data-element_type=\"widget\" data-widget_type=\"image-box.default\">\n\t\t\t\t<div class=\"elementor-widget-container\">\n\t\t\t<div class=\"elementor-image-box-wrapper\"><div class=\"elementor-image-box-content\"><h3 class=\"elementor-image-box-title\"><a href=\"#\">AFEC\u021aIUNE<\/a><\/h3><\/div><\/div>\t\t<\/div>\n\t\t\t\t<\/div>\n\t\t\t\t<div class=\"elementor-element elementor-element-39796f5 elementor-position-top elementor-vertical-align-top elementor-widget elementor-widget-image-box\" data-id=\"39796f5\" data-element_type=\"widget\" data-widget_type=\"image-box.default\">\n\t\t\t\t<div class=\"elementor-widget-container\">\n\t\t\t<div class=\"elementor-image-box-wrapper\"><div class=\"elementor-image-box-content\"><h3 class=\"elementor-image-box-title\"><a href=\"#\">RESPECT<\/a><\/h3><\/div><\/div>\t\t<\/div>\n\t\t\t\t<\/div>\n\t\t\t\t<div class=\"elementor-element elementor-element-6b45c95 elementor-position-top elementor-vertical-align-top elementor-widget elementor-widget-image-box\" data-id=\"6b45c95\" data-element_type=\"widget\" data-widget_type=\"image-box.default\">\n\t\t\t\t<div class=\"elementor-widget-container\">\n\t\t\t<div class=\"elementor-image-box-wrapper\"><div class=\"elementor-image-box-content\"><h3 class=\"elementor-image-box-title\"><a href=\"#\">EDUCA\u021aIE DE CALITATE<\/a><\/h3><\/div><\/div>\t\t<\/div>\n\t\t\t\t<\/div>\n\t\t\t\t<div class=\"elementor-element elementor-element-f84f036 elementor-position-top elementor-vertical-align-top elementor-widget elementor-widget-image-box\" data-id=\"f84f036\" data-element_type=\"widget\" data-widget_type=\"image-box.default\">\n\t\t\t\t<div class=\"elementor-widget-container\">\n\t\t\t<div class=\"elementor-image-box-wrapper\"><div class=\"elementor-image-box-content\"><h3 class=\"elementor-image-box-title\"><a href=\"#\">LIBERTATE DE EXPRIMARE<\/a><\/h3><\/div><\/div>\t\t<\/div>\n\t\t\t\t<\/div>\n\t\t\t\t<div class=\"elementor-element elementor-element-b1d3017 elementor-position-top elementor-vertical-align-top elementor-widget elementor-widget-image-box\" data-id=\"b1d3017\" data-element_type=\"widget\" data-widget_type=\"image-box.default\">\n\t\t\t\t<div class=\"elementor-widget-container\">\n\t\t\t<div class=\"elementor-image-box-wrapper\"><div class=\"elementor-image-box-content\"><h3 class=\"elementor-image-box-title\"><a href=\"#\">UNITATE \u00ceN DIVERSITATE<\/a><\/h3><\/div><\/div>\t\t<\/div>\n\t\t\t\t<\/div>\n\t\t\t\t<div class=\"elementor-element elementor-element-01034f2 elementor-position-top elementor-vertical-align-top elementor-widget elementor-widget-image-box\" data-id=\"01034f2\" data-element_type=\"widget\" data-widget_type=\"image-box.default\">\n\t\t\t\t<div class=\"elementor-widget-container\">\n\t\t\t<div class=\"elementor-image-box-wrapper\"><div class=\"elementor-image-box-content\"><h3 class=\"elementor-image-box-title\"><a href=\"#\">LOIALITATE<\/a><\/h3><\/div><\/div>\t\t<\/div>\n\t\t\t\t<\/div>\n\t\t\t\t\t<\/div>\n\t\t<\/div>\n\t\t\t\t\t\t\t<\/div>\n\t\t<\/section>\n\t\t\t\t\t\t\t<\/div>\n\t\t","protected":false},"excerpt":{"rendered":"<p>Despre noi Gr\u0103dini\u021ba\u00a0 cu Program Normal ,,Stej\u0103relul\u201d \u00a0este o unitate cu personalitate juridic\u0103 din anul 2006, situat\u0103 \u00een inima Bucovinei , \u00een ora\u0219ul Cajvana, jude\u021bul Suceava. Aceasta func\u021bioneaz\u0103 \u00een 9 loca\u021bii,\u00a0 cu un efectiv de 500 pre\u0219colari \u00eemp\u0103r\u021bi\u021bi \u00een 24 de grupe : 8 grupe mici, 8 grupe mijlocii \u0219i 8 grupe mari. Grupele de&hellip;&nbsp;<a href=\"https:\/\/gradinitacajvana.ro\/?page_id=7\" class=\"\" rel=\"bookmark\">Read More &raquo;<span class=\"screen-reader-text\">About<\/span><\/a><\/p>\n","protected":false},"author":1,"featured_media":0,"parent":0,"menu_order":0,"comment_status":"closed","ping_status":"closed","template":"","meta":{"neve_meta_sidebar":"full-width","neve_meta_container":"contained","neve_meta_enable_content_width":"on","neve_meta_content_width":100,"neve_meta_title_alignment":"left","neve_meta_author_avatar":"","neve_post_elements_order":"","neve_meta_disable_header":"","neve_meta_disable_footer":"","neve_meta_disable_title":"on","spay_email":"","footnotes":""},"class_list":["post-7","page","type-page","status-publish","hentry"],"yoast_head":"<!-- This site is optimized with the Yoast SEO plugin v18.4.1 - https:\/\/yoast.com\/wordpress\/plugins\/seo\/ -->\n<title>About - Gradinita Cajvana<\/title>\n<meta name=\"robots\" content=\"index, follow, max-snippet:-1, max-image-preview:large, max-video-preview:-1\" \/>\n<link rel=\"canonical\" href=\"https:\/\/gradinitacajvana.ro\/?page_id=7\" \/>\n<meta property=\"og:locale\" content=\"en_US\" \/>\n<meta property=\"og:type\" content=\"article\" \/>\n<meta property=\"og:title\" content=\"About - Gradinita Cajvana\" \/>\n<meta property=\"og:description\" content=\"Despre noi Gr\u0103dini\u021ba\u00a0 cu Program Normal ,,Stej\u0103relul\u201d \u00a0este o unitate cu personalitate juridic\u0103 din anul 2006, situat\u0103 \u00een inima Bucovinei , \u00een ora\u0219ul Cajvana, jude\u021bul Suceava. Aceasta func\u021bioneaz\u0103 \u00een 9 loca\u021bii,\u00a0 cu un efectiv de 500 pre\u0219colari \u00eemp\u0103r\u021bi\u021bi \u00een 24 de grupe : 8 grupe mici, 8 grupe mijlocii \u0219i 8 grupe mari. Grupele de&hellip;&nbsp;Read More &raquo;About\" \/>\n<meta property=\"og:url\" content=\"https:\/\/gradinitacajvana.ro\/?page_id=7\" \/>\n<meta property=\"og:site_name\" content=\"Gradinita Cajvana\" \/>\n<meta property=\"article:modified_time\" content=\"2022-03-17T13:34:33+00:00\" \/>\n<meta name=\"twitter:card\" content=\"summary_large_image\" \/>\n<meta name=\"twitter:label1\" content=\"Est. reading time\" \/>\n\t<meta name=\"twitter:data1\" content=\"1 minute\" \/>\n<script type=\"application\/ld+json\" class=\"yoast-schema-graph\">{\"@context\":\"https:\/\/schema.org\",\"@graph\":[{\"@type\":\"WebSite\",\"@id\":\"https:\/\/gradinitacajvana.ro\/#website\",\"url\":\"https:\/\/gradinitacajvana.ro\/\",\"name\":\"Gradinita Cajvana\",\"description\":\"Just another WordPress site\",\"potentialAction\":[{\"@type\":\"SearchAction\",\"target\":{\"@type\":\"EntryPoint\",\"urlTemplate\":\"https:\/\/gradinitacajvana.ro\/?s={search_term_string}\"},\"query-input\":\"required name=search_term_string\"}],\"inLanguage\":\"en-US\"},{\"@type\":\"WebPage\",\"@id\":\"https:\/\/gradinitacajvana.ro\/?page_id=7#webpage\",\"url\":\"https:\/\/gradinitacajvana.ro\/?page_id=7\",\"name\":\"About - Gradinita Cajvana\",\"isPartOf\":{\"@id\":\"https:\/\/gradinitacajvana.ro\/#website\"},\"datePublished\":\"2020-01-07T16:38:22+00:00\",\"dateModified\":\"2022-03-17T13:34:33+00:00\",\"breadcrumb\":{\"@id\":\"https:\/\/gradinitacajvana.ro\/?page_id=7#breadcrumb\"},\"inLanguage\":\"en-US\",\"potentialAction\":[{\"@type\":\"ReadAction\",\"target\":[\"https:\/\/gradinitacajvana.ro\/?page_id=7\"]}]},{\"@type\":\"BreadcrumbList\",\"@id\":\"https:\/\/gradinitacajvana.ro\/?page_id=7#breadcrumb\",\"itemListElement\":[{\"@type\":\"ListItem\",\"position\":1,\"name\":\"Home\",\"item\":\"https:\/\/gradinitacajvana.ro\/\"},{\"@type\":\"ListItem\",\"position\":2,\"name\":\"About\"}]}]}<\/script>\n<!-- \/ Yoast SEO plugin. -->","yoast_head_json":{"title":"About - Gradinita Cajvana","robots":{"index":"index","follow":"follow","max-snippet":"max-snippet:-1","max-image-preview":"max-image-preview:large","max-video-preview":"max-video-preview:-1"},"canonical":"https:\/\/gradinitacajvana.ro\/?page_id=7","og_locale":"en_US","og_type":"article","og_title":"About - Gradinita Cajvana","og_description":"Despre noi Gr\u0103dini\u021ba\u00a0 cu Program Normal ,,Stej\u0103relul\u201d \u00a0este o unitate cu personalitate juridic\u0103 din anul 2006, situat\u0103 \u00een inima Bucovinei , \u00een ora\u0219ul Cajvana, jude\u021bul Suceava. Aceasta func\u021bioneaz\u0103 \u00een 9 loca\u021bii,\u00a0 cu un efectiv de 500 pre\u0219colari \u00eemp\u0103r\u021bi\u021bi \u00een 24 de grupe : 8 grupe mici, 8 grupe mijlocii \u0219i 8 grupe mari. Grupele de&hellip;&nbsp;Read More &raquo;About","og_url":"https:\/\/gradinitacajvana.ro\/?page_id=7","og_site_name":"Gradinita Cajvana","article_modified_time":"2022-03-17T13:34:33+00:00","twitter_card":"summary_large_image","twitter_misc":{"Est. reading time":"1 minute"},"schema":{"@context":"https:\/\/schema.org","@graph":[{"@type":"WebSite","@id":"https:\/\/gradinitacajvana.ro\/#website","url":"https:\/\/gradinitacajvana.ro\/","name":"Gradinita Cajvana","description":"Just another WordPress site","potentialAction":[{"@type":"SearchAction","target":{"@type":"EntryPoint","urlTemplate":"https:\/\/gradinitacajvana.ro\/?s={search_term_string}"},"query-input":"required name=search_term_string"}],"inLanguage":"en-US"},{"@type":"WebPage","@id":"https:\/\/gradinitacajvana.ro\/?page_id=7#webpage","url":"https:\/\/gradinitacajvana.ro\/?page_id=7","name":"About - Gradinita Cajvana","isPartOf":{"@id":"https:\/\/gradinitacajvana.ro\/#website"},"datePublished":"2020-01-07T16:38:22+00:00","dateModified":"2022-03-17T13:34:33+00:00","breadcrumb":{"@id":"https:\/\/gradinitacajvana.ro\/?page_id=7#breadcrumb"},"inLanguage":"en-US","potentialAction":[{"@type":"ReadAction","target":["https:\/\/gradinitacajvana.ro\/?page_id=7"]}]},{"@type":"BreadcrumbList","@id":"https:\/\/gradinitacajvana.ro\/?page_id=7#breadcrumb","itemListElement":[{"@type":"ListItem","position":1,"name":"Home","item":"https:\/\/gradinitacajvana.ro\/"},{"@type":"ListItem","position":2,"name":"About"}]}]}},"_links":{"self":[{"href":"https:\/\/gradinitacajvana.ro\/index.php?rest_route=\/wp\/v2\/pages\/7","targetHints":{"allow":["GET"]}}],"collection":[{"href":"https:\/\/gradinitacajvana.ro\/index.php?rest_route=\/wp\/v2\/pages"}],"about":[{"href":"https:\/\/gradinitacajvana.ro\/index.php?rest_route=\/wp\/v2\/types\/page"}],"author":[{"embeddable":true,"href":"https:\/\/gradinitacajvana.ro\/index.php?rest_route=\/wp\/v2\/users\/1"}],"replies":[{"embeddable":true,"href":"https:\/\/gradinitacajvana.ro\/index.php?rest_route=%2Fwp%2Fv2%2Fcomments&post=7"}],"version-history":[{"count":3,"href":"https:\/\/gradinitacajvana.ro\/index.php?rest_route=\/wp\/v2\/pages\/7\/revisions"}],"predecessor-version":[{"id":277,"href":"https:\/\/gradinitacajvana.ro\/index.php?rest_route=\/wp\/v2\/pages\/7\/revisions\/277"}],"wp:attachment":[{"href":"https:\/\/gradinitacajvana.ro\/index.php?rest_route=%2Fwp%2Fv2%2Fmedia&parent=7"}],"curies":[{"name":"wp","href":"https:\/\/api.w.org\/{rel}","templated":true}]}}